{"id":232,"date":"2020-06-16T23:03:46","date_gmt":"2020-06-16T22:03:46","guid":{"rendered":"https:\/\/www.nuferscience.ch\/wp\/?page_id=232"},"modified":"2025-10-28T16:57:55","modified_gmt":"2025-10-28T15:57:55","slug":"projekt-bellacher-weiher","status":"publish","type":"page","link":"https:\/\/www.nuferscience.ch\/wp\/projekt-bellacher-weiher\/","title":{"rendered":"Projekt Bellacher Weiher"},"content":{"rendered":"\n<div class=\"wp-block-button alignright\"><a class=\"wp-block-button__link\" href=\"https:\/\/www.nuferscience.ch\/wp\/projekte-schweiz\/\">zur\u00fcck<\/a><\/div>\n\n\n\n<p>Der Bellacher Weiher befindet sich in der N\u00e4he von Solothurn in der Schweiz und wurde mittels eines einzigartigen sanften Sanierungsprogramms wieder in einen nat\u00fcrlichen Zustand zur\u00fcckgef\u00fchrt.<\/p>\n\n\n\n<figure class=\"wp-block-image size-full\"><img loading=\"lazy\" decoding=\"async\" width=\"2666\" height=\"1500\" src=\"https:\/\/www.nuferscience.ch\/wp\/wp-content\/uploads\/2019\/10\/Nr.-26.jpg\" alt=\"\" class=\"wp-image-99\" srcset=\"https:\/\/www.nuferscience.ch\/wp\/wp-content\/uploads\/2019\/10\/Nr.-26.jpg 2666w, https:\/\/www.nuferscience.ch\/wp\/wp-content\/uploads\/2019\/10\/Nr.-26-300x169.jpg 300w, https:\/\/www.nuferscience.ch\/wp\/wp-content\/uploads\/2019\/10\/Nr.-26-768x432.jpg 768w, https:\/\/www.nuferscience.ch\/wp\/wp-content\/uploads\/2019\/10\/Nr.-26-1024x576.jpg 1024w, https:\/\/www.nuferscience.ch\/wp\/wp-content\/uploads\/2019\/10\/Nr.-26-1568x882.jpg 1568w\" sizes=\"auto, (max-width: 2666px) 100vw, 2666px\" \/><\/figure>\n\n\n\n<h3 class=\"wp-block-heading titel-orange\">Berichte zum Download<\/h3>\n\n\n\n<h5 class=\"wp-block-heading\"><a href=\"https:\/\/www.nuferscience.ch\/wp\/wp-content\/uploads\/2025\/10\/OEL_2025_04_46_47_Nufer.pdf\" target=\"_blank\" rel=\"noreferrer noopener\">Artikel aus \u00d6kologie und Landbau 04\/2025<\/a><\/h5>\n\n\n\n<h5 class=\"wp-block-heading\"><a href=\"https:\/\/www.nuferscience.ch\/wp\/wp-content\/uploads\/2025\/02\/Abschlussbericht-Projekt-Bellacher-Weiher-04.02.2025.pdf\" target=\"_blank\" rel=\"noreferrer noopener\">Projekt Abschlussbericht NUFERscience von 2025<\/a><\/h5>\n\n\n\n<h5 class=\"wp-block-heading\"><a href=\"https:\/\/www.nuferscience.ch\/reports\/Bellacher Weiher Sedimentuntersuchung.pdf\" target=\"_blank\" rel=\"noreferrer noopener\">Sedimentuntersuchung L.A.K.E.S. Institut von 2020<\/a><\/h5>\n\n\n\n<h5 class=\"wp-block-heading\"><a rel=\"noreferrer noopener\" href=\"https:\/\/www.nuferscience.ch\/reports\/BA_2016_Woodtli_Florence_Monitoring Bellacher Weiher.pdf\" target=\"_blank\">Bacherlorarbeit ZHAW von Florence Woodtli 2017<\/a><\/h5>\n\n\n\n<h5 class=\"wp-block-heading\"><a href=\"https:\/\/www.nuferscience.ch\/reports\/Bellacher Weiher_Endbericht_171205_DEF.pdf\" target=\"_blank\" rel=\"noreferrer noopener\">Bericht ZHAW zur Wasserqualit\u00e4t 2016\/2017<\/a><\/h5>\n\n\n\n<h5 class=\"wp-block-heading\"><a rel=\"noreferrer noopener\" href=\"https:\/\/www.nuferscience.ch\/reports\/HAFL_Zwischenbericht_Bellacherweiher_definitif.pdf\" target=\"_blank\">Zwischenbericht HAFL zur landwirtschaftlichen Untersuchung<\/a><\/h5>\n\n\n\n<h5 class=\"wp-block-heading\"><a href=\"https:\/\/www.nuferscience.ch\/reports\/Abschlussbericht_HAFL_Bellach_12042021.pdf\" target=\"_blank\" rel=\"noreferrer noopener\">Abschlussbericht HAFL zur landwirtschaftlichen Untersuchung<\/a><\/h5>\n\n\n\n<h5 class=\"wp-block-heading\"><a rel=\"noreferrer noopener\" href=\"https:\/\/www.nuferscience.ch\/reports\/Bellacher Weiher Gutachten Imhof 1987.pdf\" target=\"_blank\">Gutachten ANOL von 1987<\/a><\/h5>\n\n\n\n<h3 class=\"wp-block-heading titel-gruen\">Links<\/h3>\n\n\n\n<h5 class=\"wp-block-heading titel-orange\"><a rel=\"noreferrer noopener\" aria-label=\"www.bellacherweiher.ch (\u00f6ffnet in neuem Tab)\" href=\"http:\/\/www.bellacherweiher.ch\" target=\"_blank\">www.bellacherweiher.ch<\/a><\/h5>\n\n\n\n<h5 class=\"wp-block-heading\"><a href=\"https:\/\/www.visionlandwirtschaft.ch\/de\/publikationen-berichte\/ubersicht\/zusammenarbeit-der-schl%C3%BCssel-zum-erfolg\/\" target=\"_blank\" rel=\"noreferrer noopener\">Newsletter Vision Landwirtschaft<\/a><\/h5>\n\n\n\n<h5 class=\"wp-block-heading\"><a href=\"https:\/\/www.srf.ch\/news\/schweiz\/naturschutzprojekt-bellach-fuer-die-weihersanierung-zogen-alle-am-gleichen-strang\" data-type=\"link\" data-id=\"https:\/\/www.srf.ch\/news\/schweiz\/naturschutzprojekt-bellach-fuer-die-weihersanierung-zogen-alle-am-gleichen-strang\" target=\"_blank\" rel=\"noreferrer noopener\">Bericht Lokalradio SRF vom 27.01.2025<\/a><\/h5>\n\n\n\n<h5 class=\"wp-block-heading\"><a href=\"https:\/\/www.srf.ch\/audio\/regionaljournal-aargau-solothurn\/weihersanierung-bellach-methode-ist-umstritten?id=AUDI20250212_NR_0043\" target=\"_blank\" rel=\"noreferrer noopener\">Bericht Lokalradio SRF vom 12.02.2025<\/a><\/h5>\n\n\n\n<p><\/p>\n","protected":false},"excerpt":{"rendered":"<p>Der Bellacher Weiher befindet sich in der N\u00e4he von Solothurn in der Schweiz und wurde mittels eines einzigartigen sanften Sanierungsprogramms wieder in einen nat\u00fcrlichen Zustand zur\u00fcckgef\u00fchrt. Berichte zum Download Artikel aus \u00d6kologie und Landbau 04\/2025 Projekt Abschlussbericht NUFERscience von 2025 Sedimentuntersuchung L.A.K.E.S. Institut von 2020 Bacherlorarbeit ZHAW von Florence Woodtli 2017 Bericht ZHAW zur Wasserqualit\u00e4t &hellip; <\/p>\n<p class=\"link-more\"><a href=\"https:\/\/www.nuferscience.ch\/wp\/projekt-bellacher-weiher\/\" class=\"more-link\"><span class=\"screen-reader-text\">\u201eProjekt Bellacher Weiher\u201c <\/span>weiterlesen<\/a><\/p>\n","protected":false},"author":2,"featured_media":0,"parent":0,"menu_order":10,"comment_status":"closed","ping_status":"closed","template":"","meta":{"footnotes":""},"class_list":["post-232","page","type-page","status-publish","hentry","entry"],"translation":{"provider":"WPGlobus","version":"3.0.2","language":"de","enabled_languages":["de","fr","en"],"languages":{"de":{"title":true,"content":true,"excerpt":false},"fr":{"title":false,"content":false,"excerpt":false},"en":{"title":false,"content":false,"excerpt":false}}},"_links":{"self":[{"href":"https:\/\/www.nuferscience.ch\/wp\/wp-json\/wp\/v2\/pages\/232","targetHints":{"allow":["GET"]}}],"collection":[{"href":"https:\/\/www.nuferscience.ch\/wp\/wp-json\/wp\/v2\/pages"}],"about":[{"href":"https:\/\/www.nuferscience.ch\/wp\/wp-json\/wp\/v2\/types\/page"}],"author":[{"embeddable":true,"href":"https:\/\/www.nuferscience.ch\/wp\/wp-json\/wp\/v2\/users\/2"}],"replies":[{"embeddable":true,"href":"https:\/\/www.nuferscience.ch\/wp\/wp-json\/wp\/v2\/comments?post=232"}],"version-history":[{"count":50,"href":"https:\/\/www.nuferscience.ch\/wp\/wp-json\/wp\/v2\/pages\/232\/revisions"}],"predecessor-version":[{"id":445,"href":"https:\/\/www.nuferscience.ch\/wp\/wp-json\/wp\/v2\/pages\/232\/revisions\/445"}],"wp:attachment":[{"href":"https:\/\/www.nuferscience.ch\/wp\/wp-json\/wp\/v2\/media?parent=232"}],"curies":[{"name":"wp","href":"https:\/\/api.w.org\/{rel}","templated":true}]}}